{"id":995,"date":"2021-05-15T10:44:46","date_gmt":"2021-05-15T08:44:46","guid":{"rendered":"https:\/\/www.paulusgemeinde-erbenheim.de\/?page_id=995"},"modified":"2026-04-14T13:42:55","modified_gmt":"2026-04-14T11:42:55","slug":"termine-2","status":"publish","type":"page","link":"https:\/\/www.paulusgemeinde-erbenheim.de\/?page_id=995","title":{"rendered":"Termine"},"content":{"rendered":"\n<p>April<\/p>\n\n\n\n<figure class=\"wp-block-table\"><table><tbody><tr><td>Donnerstag, 02.04.<\/td><td>19.00 Uhr <em>in Breckenheim<\/em> (GR\u00dcNDONNERSTAG) mit Tischabendmahl (Georg)<\/td><\/tr><tr><td>Freitag, 03.04.<\/td><td>10.00 Uhr <em>in Petrus<\/em> (KARFREITAG) mit Abendmahl und Kirchenchor (Henn)<\/td><\/tr><tr><td>Samstag, 04.04.<\/td><td>09.00 \u2013 11.00 Uhr Osteraktion f\u00fcr Kinder <em>im Gemeindehaus Paulus<\/em> (Fritz)<\/td><\/tr><tr><td><\/td><td>21.00 Uhr OSTERNACHT <em>in Petrus<\/em> (Henn)<\/td><\/tr><tr><td>Sonntag, 05.04.<\/td><td>10.00 Uhr (OSTERSONNTAG) <em>in Paulus<\/em> mit Abendmahl (Fritz) und KIRCHENKAFFEE<\/td><\/tr><tr><td>Montag, 06.04.<\/td><td>10.00 Uhr (OSTERMONTAG) <em>in Petrus<\/em> (Henn)<\/td><\/tr><tr><td>Sonntag, 12.04.<\/td><td>10.00 Uhr <em>in Paulus<\/em> (Rebecca Schrumpf)<\/td><\/tr><tr><td>Donnerstag, 16.04.<\/td><td>8.30 Uhr \u00d6kumenische Tagestour nach Wetzlar + Braunfels <br>Begleiter: Pfarrer Holger Fritz + Gemeindereferent Johannes Mockenhaupt<br>Teilnehmerbeitrag:&nbsp;&nbsp;&nbsp; 35,-\u20ac<br>&nbsp;Anmeldung \u00fcber Pluspunkt-B\u00fcro. Teilnehmerzahl: jetzt 40 Personen!<\/td><\/tr><tr><td>Sonntag, 19.04.<\/td><td>10.00 Uhr <em>in Petrus<\/em> (Henn) <\/td><\/tr><tr><td><\/td><td>10.00 Uhr <em>in Paulus<\/em> (Fritz) mit Taufe von zwei Konfirmanden<\/td><\/tr><tr><td><\/td><td>KINDERKIRCHENTAG in der Thomasgemeinde<\/td><\/tr><tr><td>Samstag, 25.04.<\/td><td>9.00 \u2013 11.30 Uhr Kinderfr\u00fchst\u00fcck. Anmeldung unter <a href=\"mailto:kinderfruehstueck-erbenheim@gmail.com\">kinderfruehstueck-erbenheim@gmail.com<\/a><\/td><\/tr><tr><td>Sonntag, 26.04.<\/td><td>10.00 Uhr VORSTELLUNGSGOTTESDIENST <em>in Paulus<\/em> (Fritz+Henn) mit KIRCHENKAFFEE<\/td><\/tr><tr><td>Donnerstag, 30.04.<\/td><td>15.30 Uhr bis 17.30 Uhr Anmeldung der Konfirmanden und Konfirmandinnen des Jahrganges 01.07.2012 &#8211; 30.06.2013 im Pfarrb\u00fcro unserer Paulusgemeinde. Wem das nicht m\u00f6glich ist, oder wer den Termin nicht wahrnehmen kann, kann sich gerne auch per mail oder auf dem Postweg anmelden.<\/td><\/tr><\/tbody><\/table><\/figure>\n\n\n\n<p>Mai<\/p>\n\n\n\n<figure class=\"wp-block-table\"><table><tbody><tr><td>03.05.26 10.00 Uhr<\/td><td>Konfirmation I mit Abendmahl in der Petrusgemeinde (Pfr. Henn und Pfr. Fritz)<\/td><\/tr><tr><td>10.05.26 10.00 Uhr<\/td><td>Konfirmation II mit Abendmahl in der Petrusgemeinde (Pfr. Henn und Pfr. Fritz)<\/td><\/tr><tr><td>14.05.26 11.30 Uhr<\/td><td>Pilgergottesdienst an Himmelfahrt in Kloppenheim<\/td><\/tr><tr><td>17.05.26 10.00 Uhr<\/td><td>Gottesdienst mit Taufm\u00f6glichkeit in der Paulusgemeinde (Pfr. Fritz)<\/td><\/tr><tr><td>21.05.26 8.30 Uhr<\/td><td>\u00d6kumenische Tagestour nach Worms <br>Begleiter: Pfarrer Holger Fritz + Gemeindereferent Johannes Mockenhaupt<br>Teilnehmerbeitrag:\u00a0\u00a0\u00a0 35,-\u20ac<br>\u00a0Anmeldung \u00fcber Pluspunkt-B\u00fcro. Teilnehmerzahl: jetzt 40 Personen!<\/td><\/tr><tr><td>24.05.26 11.00 Uhr<\/td><td>\u00d6kumenischer Gottesdienst am Pfingstsonntag auf der H\u00f6fefestb\u00fchne (Pfr. Henn, Herr Mockenhaupt und Pfr. Fritz)<\/td><\/tr><tr><td>25.05.26 10.00 Uhr<\/td><td>Gottesdienst am Pfingstmontag in der Petrusgemeinde (Pfr. Henn)<\/td><\/tr><tr><td>27.05.26 19.00 Uhr<\/td><td>Erster Elternabend der Konfirmandeneltern im Gemeindehaus der Paulusgemeinde, Lilienthalstra\u00dfe 15.<\/td><\/tr><tr><td>31.05.26 10.00 Uhr<\/td><td>Gnaden- und Kronjuwelenkonfirmation in der Paulusgemeinde (Pfr. Fritz) anschlie\u00dfend KIRCHENKAFFEE<\/td><\/tr><\/tbody><\/table><\/figure>\n\n\n\n<p>Juni<\/p>\n\n\n\n<figure class=\"wp-block-table\"><table><tbody><tr><td>07.06.26 10.00 Uhr<\/td><td>Eiserne und Diamantkonfirmation mit Abendmahl in der Paulusgemeinde (Pfr. Fritz)<\/td><\/tr><tr><td>13.06.26 9.00 \u2013 11.30 Uhr<\/td><td>Kinderfr\u00fchst\u00fcck. Anmeldung unter <a href=\"mailto:kinderfruehstueck-erbenheim@gmail.com\">kinderfruehstueck-erbenheim@gmail.com<\/a><\/td><\/tr><tr><td>14.06.26 10.00 Uhr<\/td><td>Gottesdienst mit Taufm\u00f6glichkeit in der Paulusgemeinde (Pfr. Fritz)<\/td><\/tr><tr><td>21.06.26 10.00 Uhr<\/td><td>Einf\u00fchrungsgottesdienst der neuen Konfirmanden in der Petrusgemeinde (Pfr. Henn und Pfr. Fritz) anschlie\u00dfend KIRCHENKAFFEE<\/td><\/tr><tr><td>28.06.26 10.00 Uhr<\/td><td>Gottesdienst in der Petrusgemeinde (Pfr. Henn)<\/td><\/tr><\/tbody><\/table><\/figure>\n\n\n\n<p>Juli<\/p>\n\n\n\n<figure class=\"wp-block-table\"><table><tbody><tr><td>05.07.26 10.00 Uhr<\/td><td>Gottesdienst mit Taufe in der Paulusgemeinde (Pfr. Fritz)<\/td><\/tr><tr><td>12.07.26 10.00 Uhr<\/td><td>Gottesdienst in der Petrusgemeinde (Pfr. Henn)<\/td><\/tr><tr><td>19.07.26 10.00 Uhr<\/td><td>Gottesdienst in der Paulusgemeinde (Rebecca Schrumpf)<\/td><\/tr><tr><td>26.07.26 10.00 Uhr<\/td><td>Gottesdienst in der Petrusgemeinde (Pfr. Henn)<\/td><\/tr><\/tbody><\/table><\/figure>\n\n\n\n<p>August<\/p>\n\n\n\n<figure class=\"wp-block-table\"><table><tbody><tr><td>02.08.26 10.00 Uhr<\/td><td>Gottesdienst in der Paulusgemeinde (Rebecca Schrumpf)<\/td><\/tr><tr><td>09.08.26 10.00 Uhr<\/td><td>Gottesdienst in der Petrusgemeinde<\/td><\/tr><tr><td>16.08.26 10.00 Uhr<\/td><td>Goldene Konfirmation in der Paulusgemeinde mit Abendmahl (Pfr. Fritz) anschlie\u00dfend KIRCHENKAFFEE<\/td><\/tr><tr><td>23.08.26 10.00 Uhr<\/td><td>Gottesdienst in der Petrusgemeinde (Pfr. Henn)<\/td><\/tr><tr><td>30.08.26 10.00 Uhr<\/td><td>Gottesdienst mit Taufm\u00f6glichkeit in der Paulusgemeinde (Pfr. Fritz)<\/td><\/tr><\/tbody><\/table><\/figure>\n\n\n\n<p>September<\/p>\n\n\n\n<figure class=\"wp-block-table\"><table><tbody><tr><td>06.09.26 10.00 Uhr<\/td><td>Gottesdienst in der Petrusgemeinde (Pfr. Henn)<\/td><\/tr><tr><td>13.09.26 10.00 Uhr<\/td><td>Gottesdienst mit Taufm\u00f6glichkeit in der Paulusgemeinde (Pfr. Fritz)<\/td><\/tr><tr><td>20.09.26 10.00 Uhr<\/td><td>Gottesdienst in der Petrusgemeinde mit Abendmahl (Pfr. Fritz) anschlie\u00dfend KIRCHENKAFFEE<\/td><\/tr><tr><td>27.09.26 10.30 Uhr<\/td><td>\u00d6kumenischer Kerbegottesdienst im Kerbezelt (Pfr. Fritz\/Herr Mockenhaupt)<\/td><\/tr><\/tbody><\/table><\/figure>\n","protected":false},"excerpt":{"rendered":"<p>April Donnerstag, 02.04. 19.00 Uhr in Breckenheim (GR\u00dcNDONNERSTAG) mit Tischabendmahl (Georg) Freitag, 03.04. 10.00 Uhr in Petrus (KARFREITAG) mit Abendmahl und Kirchenchor (Henn) Samstag, 04.04. 09.00 \u2013 11.00 Uhr Osteraktion f\u00fcr Kinder im Gemeindehaus Paulus (Fritz) 21.00 Uhr OSTERNACHT in<\/p>\n","protected":false},"author":9,"featured_media":0,"parent":0,"menu_order":0,"comment_status":"closed","ping_status":"closed","template":"","meta":{"footnotes":""},"class_list":["post-995","page","type-page","status-publish","hentry"],"_links":{"self":[{"href":"https:\/\/www.paulusgemeinde-erbenheim.de\/index.php?rest_route=\/wp\/v2\/pages\/995","targetHints":{"allow":["GET"]}}],"collection":[{"href":"https:\/\/www.paulusgemeinde-erbenheim.de\/index.php?rest_route=\/wp\/v2\/pages"}],"about":[{"href":"https:\/\/www.paulusgemeinde-erbenheim.de\/index.php?rest_route=\/wp\/v2\/types\/page"}],"author":[{"embeddable":true,"href":"https:\/\/www.paulusgemeinde-erbenheim.de\/index.php?rest_route=\/wp\/v2\/users\/9"}],"replies":[{"embeddable":true,"href":"https:\/\/www.paulusgemeinde-erbenheim.de\/index.php?rest_route=%2Fwp%2Fv2%2Fcomments&post=995"}],"version-history":[{"count":161,"href":"https:\/\/www.paulusgemeinde-erbenheim.de\/index.php?rest_route=\/wp\/v2\/pages\/995\/revisions"}],"predecessor-version":[{"id":2005,"href":"https:\/\/www.paulusgemeinde-erbenheim.de\/index.php?rest_route=\/wp\/v2\/pages\/995\/revisions\/2005"}],"wp:attachment":[{"href":"https:\/\/www.paulusgemeinde-erbenheim.de\/index.php?rest_route=%2Fwp%2Fv2%2Fmedia&parent=995"}],"curies":[{"name":"wp","href":"https:\/\/api.w.org\/{rel}","templated":true}]}}