{"id":908,"date":"2021-04-03T10:52:05","date_gmt":"2021-04-03T08:52:05","guid":{"rendered":"https:\/\/www.paulusgemeinde-erbenheim.de\/?page_id=908"},"modified":"2023-10-26T15:14:21","modified_gmt":"2023-10-26T13:14:21","slug":"herzlich-willkommen","status":"publish","type":"page","link":"https:\/\/www.paulusgemeinde-erbenheim.de\/","title":{"rendered":"Willkommen"},"content":{"rendered":"\n<h2 class=\"wp-block-heading\">Herzlich Willkommen<\/h2>\n\n\n\n<p class=\"has-medium-font-size\">auf der Internetseite der Evangelischen Paulusgemeinde Wiesbaden-Erbenheim!<\/p>\n\n\n\n<p style=\"font-size:18px\">Erbenheim ist \u00fcberwiegend evangelisch und hat zwei Kirchengemeinden, die durch die durch Erbenheim verlaufende Bahnlinie Wiesbaden\/Niedernhausen getrennt sind.  <img loading=\"lazy\" decoding=\"async\" width=\"120\" height=\"120\" class=\"wp-image-970\" style=\"width: 120px;\" src=\"https:\/\/www.paulusgemeinde-erbenheim.de\/wp-content\/uploads\/2021\/05\/Kreuz3.jpg\" alt=\"\" vspace=\"15\" hspace=\"15\" align=\"left\"> Die \u00f6stlich dieser Bahnlinie gelegene Paulusgemeinde wird in ihrer Grundstruktur von dem alten Ortskern Erbenheims, einem ehemals l\u00e4ndlichen, heute an den R\u00e4ndern wachsenden Vorort Wiesbadens gepr\u00e4gt und hat derzeit 1850 Gemeindeglieder. In ihrer sozialen Struktur ist sie gut gemischt.<br>Die Gemeinde betreibt eine Kindertagesst\u00e4tte und f\u00fcr die Gemeindearbeit steht das vielf\u00e4ltig genutzte Gemeindehaus mit gro\u00dfem und kleinem Gemeindesaal und K\u00fcche zur Verf\u00fcgung.<br>Daneben gibt es den Kirchort Maria Aufnahme der Katholischen Schwestergemeinde St. Birgid, zu der die Paulusgemeinde auf \u00f6kumenischer Basis gute Beziehungen pflegt.<\/p>\n","protected":false},"excerpt":{"rendered":"<p>Herzlich Willkommen auf der Internetseite der Evangelischen Paulusgemeinde Wiesbaden-Erbenheim! Erbenheim ist \u00fcberwiegend evangelisch und hat zwei Kirchengemeinden, die durch die durch Erbenheim verlaufende Bahnlinie Wiesbaden\/Niedernhausen getrennt sind. Die \u00f6stlich dieser Bahnlinie gelegene Paulusgemeinde wird in ihrer Grundstruktur von dem alten<\/p>\n","protected":false},"author":9,"featured_media":0,"parent":0,"menu_order":0,"comment_status":"closed","ping_status":"closed","template":"","meta":{"footnotes":""},"class_list":["post-908","page","type-page","status-publish","hentry"],"_links":{"self":[{"href":"https:\/\/www.paulusgemeinde-erbenheim.de\/index.php?rest_route=\/wp\/v2\/pages\/908","targetHints":{"allow":["GET"]}}],"collection":[{"href":"https:\/\/www.paulusgemeinde-erbenheim.de\/index.php?rest_route=\/wp\/v2\/pages"}],"about":[{"href":"https:\/\/www.paulusgemeinde-erbenheim.de\/index.php?rest_route=\/wp\/v2\/types\/page"}],"author":[{"embeddable":true,"href":"https:\/\/www.paulusgemeinde-erbenheim.de\/index.php?rest_route=\/wp\/v2\/users\/9"}],"replies":[{"embeddable":true,"href":"https:\/\/www.paulusgemeinde-erbenheim.de\/index.php?rest_route=%2Fwp%2Fv2%2Fcomments&post=908"}],"version-history":[{"count":51,"href":"https:\/\/www.paulusgemeinde-erbenheim.de\/index.php?rest_route=\/wp\/v2\/pages\/908\/revisions"}],"predecessor-version":[{"id":1737,"href":"https:\/\/www.paulusgemeinde-erbenheim.de\/index.php?rest_route=\/wp\/v2\/pages\/908\/revisions\/1737"}],"wp:attachment":[{"href":"https:\/\/www.paulusgemeinde-erbenheim.de\/index.php?rest_route=%2Fwp%2Fv2%2Fmedia&parent=908"}],"curies":[{"name":"wp","href":"https:\/\/api.w.org\/{rel}","templated":true}]}}