{"id":1309,"date":"2021-06-23T09:34:56","date_gmt":"2021-06-23T07:34:56","guid":{"rendered":"https:\/\/www.paulusgemeinde-erbenheim.de\/?page_id=1309"},"modified":"2026-04-14T13:29:27","modified_gmt":"2026-04-14T11:29:27","slug":"kleidersammlung-fuer-bethel","status":"publish","type":"page","link":"https:\/\/www.paulusgemeinde-erbenheim.de\/?page_id=1309","title":{"rendered":"Kleidersammlung f\u00fcr Bethel"},"content":{"rendered":"\n<p>F\u00fcr die Kleidersammlung bitten wir um Ihre Beteiligung.<\/p>\n\n\n\n<p>Gesammelt werden:<br>Damenkleidung, Herrenkleidung und Kinderkleidung aller Art,  Unterw\u00e4sche, Tischw\u00e4sche, Bettw\u00e4sche sowie Federbetten, jedoch keine Textilabf\u00e4lle,<br>Herrenschuhe, Damenschuhe und Kinderschuhe sind willkommen, sollten jedoch paarweise geb\u00fcndelt und noch tragbar sein.<\/p>\n\n\n\n<p>F\u00fcr Ihre Unterst\u00fctzung danken Ihnen:<br>die v. Bodelschwinghschen Anstalten Bethel.<\/p>\n\n\n\n<p>Wir bitten Sie, die S\u00e4cke am<br><strong>Dienstag, den 5. Mai 2026<br>von 8.00 Uhr &#8211; 18.00 Uhr<\/strong><br>im Pfarrhaus, Ringstra\u00dfe 3, abzugeben.<\/p>\n\n\n\n<p>Leere S\u00e4cke f\u00fcr die Sammlung liegen in der Kirche, im Gemeindehaus und im Pfarrb\u00fcro aus.<\/p>\n","protected":false},"excerpt":{"rendered":"<p>F\u00fcr die Kleidersammlung bitten wir um Ihre Beteiligung. Gesammelt werden:Damenkleidung, Herrenkleidung und Kinderkleidung aller Art, Unterw\u00e4sche, Tischw\u00e4sche, Bettw\u00e4sche sowie Federbetten, jedoch keine Textilabf\u00e4lle,Herrenschuhe, Damenschuhe und Kinderschuhe sind willkommen, sollten jedoch paarweise geb\u00fcndelt und noch tragbar sein. F\u00fcr Ihre Unterst\u00fctzung danken<\/p>\n","protected":false},"author":9,"featured_media":0,"parent":0,"menu_order":0,"comment_status":"closed","ping_status":"closed","template":"","meta":{"footnotes":""},"class_list":["post-1309","page","type-page","status-publish","hentry"],"_links":{"self":[{"href":"https:\/\/www.paulusgemeinde-erbenheim.de\/index.php?rest_route=\/wp\/v2\/pages\/1309","targetHints":{"allow":["GET"]}}],"collection":[{"href":"https:\/\/www.paulusgemeinde-erbenheim.de\/index.php?rest_route=\/wp\/v2\/pages"}],"about":[{"href":"https:\/\/www.paulusgemeinde-erbenheim.de\/index.php?rest_route=\/wp\/v2\/types\/page"}],"author":[{"embeddable":true,"href":"https:\/\/www.paulusgemeinde-erbenheim.de\/index.php?rest_route=\/wp\/v2\/users\/9"}],"replies":[{"embeddable":true,"href":"https:\/\/www.paulusgemeinde-erbenheim.de\/index.php?rest_route=%2Fwp%2Fv2%2Fcomments&post=1309"}],"version-history":[{"count":6,"href":"https:\/\/www.paulusgemeinde-erbenheim.de\/index.php?rest_route=\/wp\/v2\/pages\/1309\/revisions"}],"predecessor-version":[{"id":1996,"href":"https:\/\/www.paulusgemeinde-erbenheim.de\/index.php?rest_route=\/wp\/v2\/pages\/1309\/revisions\/1996"}],"wp:attachment":[{"href":"https:\/\/www.paulusgemeinde-erbenheim.de\/index.php?rest_route=%2Fwp%2Fv2%2Fmedia&parent=1309"}],"curies":[{"name":"wp","href":"https:\/\/api.w.org\/{rel}","templated":true}]}}