{"id":1108,"date":"2021-05-30T15:26:24","date_gmt":"2021-05-30T13:26:24","guid":{"rendered":"https:\/\/www.paulusgemeinde-erbenheim.de\/?page_id=1108"},"modified":"2026-03-26T14:53:02","modified_gmt":"2026-03-26T13:53:02","slug":"das-gemeindebuero","status":"publish","type":"page","link":"https:\/\/www.paulusgemeinde-erbenheim.de\/?page_id=1108","title":{"rendered":"Gemeindeb\u00fcro"},"content":{"rendered":"\n<p>Das Gemeindeb\u00fcro in der <strong>Ringstrasse 3<\/strong> erreichen Sie<\/p>\n\n\n\n<ul class=\"wp-block-list\">\n<li>telefonisch unter <strong>0611-711169<\/strong> oder<\/li>\n\n\n\n<li>per email unter <a href=\"mailto:paulusgemeinde.erbenheim@ekhn.de\">paulusgemeinde.erbenheim@ekhn.de<\/a><\/li>\n<\/ul>\n\n\n\n<h4 class=\"wp-block-heading has-medium-font-size\">\u00d6ffnungszeiten<\/h4>\n\n\n\n<p>Sie erreichen <strong>Sylke Merten<\/strong> <strong><br>Dienstag und Donnerstag von 9:00 Uhr bis 12:00 Uhr<\/strong>.<br><\/p>\n\n\n\n<p>Verschiedene h\u00e4ufig ben\u00f6tigte Bescheinigungen k\u00f6nnen Sie <a rel=\"noreferrer noopener\" href=\"https:\/\/www.paulusgemeinde-erbenheim.de\/?page_id=1070\" data-type=\"page\" data-id=\"1070\" target=\"_blank\">interaktiv bestellen<\/a> .<\/p>\n\n\n\n<figure class=\"wp-block-image size-full is-resized\"><img loading=\"lazy\" decoding=\"async\" width=\"1204\" height=\"903\" src=\"https:\/\/www.paulusgemeinde-erbenheim.de\/wp-content\/uploads\/2021\/05\/pfarrhaus.jpg\" alt=\"\" class=\"wp-image-1082\" style=\"width:347px;height:260px\" srcset=\"https:\/\/www.paulusgemeinde-erbenheim.de\/wp-content\/uploads\/2021\/05\/pfarrhaus.jpg 1204w, https:\/\/www.paulusgemeinde-erbenheim.de\/wp-content\/uploads\/2021\/05\/pfarrhaus-300x225.jpg 300w, https:\/\/www.paulusgemeinde-erbenheim.de\/wp-content\/uploads\/2021\/05\/pfarrhaus-1024x768.jpg 1024w, https:\/\/www.paulusgemeinde-erbenheim.de\/wp-content\/uploads\/2021\/05\/pfarrhaus-768x576.jpg 768w\" sizes=\"auto, (max-width: 1204px) 100vw, 1204px\" \/><figcaption class=\"wp-element-caption\">Pfarrhaus Ringstrasse 3<\/figcaption><\/figure>\n","protected":false},"excerpt":{"rendered":"<p>Das Gemeindeb\u00fcro in der Ringstrasse 3 erreichen Sie \u00d6ffnungszeiten Sie erreichen Sylke Merten Dienstag und Donnerstag von 9:00 Uhr bis 12:00 Uhr. Verschiedene h\u00e4ufig ben\u00f6tigte Bescheinigungen k\u00f6nnen Sie interaktiv bestellen .<\/p>\n","protected":false},"author":9,"featured_media":0,"parent":0,"menu_order":0,"comment_status":"closed","ping_status":"closed","template":"","meta":{"footnotes":""},"class_list":["post-1108","page","type-page","status-publish","hentry"],"_links":{"self":[{"href":"https:\/\/www.paulusgemeinde-erbenheim.de\/index.php?rest_route=\/wp\/v2\/pages\/1108","targetHints":{"allow":["GET"]}}],"collection":[{"href":"https:\/\/www.paulusgemeinde-erbenheim.de\/index.php?rest_route=\/wp\/v2\/pages"}],"about":[{"href":"https:\/\/www.paulusgemeinde-erbenheim.de\/index.php?rest_route=\/wp\/v2\/types\/page"}],"author":[{"embeddable":true,"href":"https:\/\/www.paulusgemeinde-erbenheim.de\/index.php?rest_route=\/wp\/v2\/users\/9"}],"replies":[{"embeddable":true,"href":"https:\/\/www.paulusgemeinde-erbenheim.de\/index.php?rest_route=%2Fwp%2Fv2%2Fcomments&post=1108"}],"version-history":[{"count":19,"href":"https:\/\/www.paulusgemeinde-erbenheim.de\/index.php?rest_route=\/wp\/v2\/pages\/1108\/revisions"}],"predecessor-version":[{"id":1982,"href":"https:\/\/www.paulusgemeinde-erbenheim.de\/index.php?rest_route=\/wp\/v2\/pages\/1108\/revisions\/1982"}],"wp:attachment":[{"href":"https:\/\/www.paulusgemeinde-erbenheim.de\/index.php?rest_route=%2Fwp%2Fv2%2Fmedia&parent=1108"}],"curies":[{"name":"wp","href":"https:\/\/api.w.org\/{rel}","templated":true}]}}