{"id":1101,"date":"2021-05-30T15:09:26","date_gmt":"2021-05-30T13:09:26","guid":{"rendered":"https:\/\/www.paulusgemeinde-erbenheim.de\/?page_id=1101"},"modified":"2021-08-16T13:24:50","modified_gmt":"2021-08-16T11:24:50","slug":"besuchsdienst","status":"publish","type":"page","link":"https:\/\/www.paulusgemeinde-erbenheim.de\/?page_id=1101","title":{"rendered":"Soziale Angebote"},"content":{"rendered":"\n<h3 class=\"wp-block-heading\">Der Besuchsdienst<\/h3>\n\n\n\n<p>der Paulusgemeinde besucht \u00e4ltere, kranke und bettl\u00e4gerige Menschen, die ihr Haus oder ihre Wohnung nicht mehr verlassen und am Gemeindeleben in den Gottesdiensten nicht mehr teilnehmen k\u00f6nnen. Neuzugezogene werden, nachdem sie \u00fcber unsere kirchlichen Angebote informiert worden sind, auf Wunsch besucht, um unser Interesse an ihnen zu zeigen und ihnen den Start in Erbenheim  zu erleichtern.<br>Deshalb sind die Damen auch auf Ihre Mitarbeit angewiesen &#8211; teilen Sie uns einfach mit, wenn Sie jemanden kennen, der zu unserer Zielgruppe geh\u00f6rt.<br>Kontakt: Pfarrer Holger Fritz \u00fcber das <a href=\"https:\/\/www.paulusgemeinde-erbenheim.de\/?page_id=1108\" data-type=\"page\" data-id=\"1108\">Pfarrb\u00fcro<\/a>.<\/p>\n\n\n\n<h3 class=\"wp-block-heading\">pluspunkt \u2013 Treff nicht nur f\u00fcr \u00c4ltere<\/h3>\n\n\n\n<p>Der Pluspunkt besteht seit 1986 und ist ein offenes Angebot f\u00fcr \u00c4lterwerdende im Raum Wiesbaden und Umgebung. Tr\u00e4ger der Arbeit sind die Evangelische Paulusgemeinde Erbenheim und das Evangelische Dekanat Wiesbaden.<br>Er ist offen f\u00fcr jede(n). Konfessionelle oder altersm\u00e4\u00dfige Begrenzungen sind nicht vorhanden. Jeder der mag, kann die Angebote des Pluspunktes wahrnehmen, aber auch seine eigenen Ideen und W\u00fcnsche einbringen und sich engagieren. Ein ganz besonderes Projekt geh\u00f6rt bei Pluspunkt ebenfalls ins Programm: der Kleinreparatur-Dienst \u201eRentner helfen Rentnern\u201c. Die engagierten Rentner bringen in Ordnung, was kaputt ist und das kostenlos.<\/p>\n\n\n\n<p>S\u00e4mtliche Termine des Pluspunkts k\u00f6nnen auf der Homepage <a href=\"http:\/\/www.pluspunkt-erbenheim.de\" target=\"_blank\" rel=\"noreferrer noopener\">www.pluspunkt-erbenheim.de<\/a> nachgelesen, sowie telefonisch (0611-724 2520) erfragt werden.<\/p>\n","protected":false},"excerpt":{"rendered":"<p>Der Besuchsdienst der Paulusgemeinde besucht \u00e4ltere, kranke und bettl\u00e4gerige Menschen, die ihr Haus oder ihre Wohnung nicht mehr verlassen und am Gemeindeleben in den Gottesdiensten nicht mehr teilnehmen k\u00f6nnen. Neuzugezogene werden, nachdem sie \u00fcber unsere kirchlichen Angebote informiert worden sind,<\/p>\n","protected":false},"author":9,"featured_media":0,"parent":0,"menu_order":0,"comment_status":"closed","ping_status":"closed","template":"","meta":{"footnotes":""},"class_list":["post-1101","page","type-page","status-publish","hentry"],"_links":{"self":[{"href":"https:\/\/www.paulusgemeinde-erbenheim.de\/index.php?rest_route=\/wp\/v2\/pages\/1101","targetHints":{"allow":["GET"]}}],"collection":[{"href":"https:\/\/www.paulusgemeinde-erbenheim.de\/index.php?rest_route=\/wp\/v2\/pages"}],"about":[{"href":"https:\/\/www.paulusgemeinde-erbenheim.de\/index.php?rest_route=\/wp\/v2\/types\/page"}],"author":[{"embeddable":true,"href":"https:\/\/www.paulusgemeinde-erbenheim.de\/index.php?rest_route=\/wp\/v2\/users\/9"}],"replies":[{"embeddable":true,"href":"https:\/\/www.paulusgemeinde-erbenheim.de\/index.php?rest_route=%2Fwp%2Fv2%2Fcomments&post=1101"}],"version-history":[{"count":7,"href":"https:\/\/www.paulusgemeinde-erbenheim.de\/index.php?rest_route=\/wp\/v2\/pages\/1101\/revisions"}],"predecessor-version":[{"id":1382,"href":"https:\/\/www.paulusgemeinde-erbenheim.de\/index.php?rest_route=\/wp\/v2\/pages\/1101\/revisions\/1382"}],"wp:attachment":[{"href":"https:\/\/www.paulusgemeinde-erbenheim.de\/index.php?rest_route=%2Fwp%2Fv2%2Fmedia&parent=1101"}],"curies":[{"name":"wp","href":"https:\/\/api.w.org\/{rel}","templated":true}]}}