{"id":1096,"date":"2021-05-30T15:04:25","date_gmt":"2021-05-30T13:04:25","guid":{"rendered":"https:\/\/www.paulusgemeinde-erbenheim.de\/?page_id=1096"},"modified":"2026-02-19T08:58:56","modified_gmt":"2026-02-19T07:58:56","slug":"kirchenchor","status":"publish","type":"page","link":"https:\/\/www.paulusgemeinde-erbenheim.de\/?page_id=1096","title":{"rendered":"Kirchenchor"},"content":{"rendered":"\n<p>Der Chor wurde bereits 1906 gegr\u00fcndet und konnte somit im Jahr 2006 sein 100j\u00e4hriges Bestehen feiern. 26 S\u00e4ngerinnen und S\u00e4nger treffen sich zur w\u00f6chentlichen Chorprobe, wobei das Repertoire sowohl kirchliche, als auch weltliche St\u00fccke umfasst. Der Chor singt unter der Leitung von Johanna Wenz. Sie bringt viel Schwung in die Chorproben und motiviert den Chor sein Bestes zu geben. Der Kirchenchor wirkt an den Feiertagen im Gottesdienst mit, singt aber auch z.B. beim H\u00f6fefest oder \u00e4hnlichen Veranstaltungen. Ein besonderer H\u00f6hepunkt der Chorarbeit ist das Konzert am 3. Advent in der Pauluskirche.<br>Die Proben sind dienstags von 19.30 \u2013 21.30 Uhr im Gemeindehaus.<br>Kontaktadresse: Gerlinde Beil, Tel.: 0611-702197<\/p>\n","protected":false},"excerpt":{"rendered":"<p>Der Chor wurde bereits 1906 gegr\u00fcndet und konnte somit im Jahr 2006 sein 100j\u00e4hriges Bestehen feiern. 26 S\u00e4ngerinnen und S\u00e4nger treffen sich zur w\u00f6chentlichen Chorprobe, wobei das Repertoire sowohl kirchliche, als auch weltliche St\u00fccke umfasst. Der Chor singt unter der<\/p>\n","protected":false},"author":9,"featured_media":0,"parent":0,"menu_order":0,"comment_status":"closed","ping_status":"closed","template":"","meta":{"footnotes":""},"class_list":["post-1096","page","type-page","status-publish","hentry"],"_links":{"self":[{"href":"https:\/\/www.paulusgemeinde-erbenheim.de\/index.php?rest_route=\/wp\/v2\/pages\/1096","targetHints":{"allow":["GET"]}}],"collection":[{"href":"https:\/\/www.paulusgemeinde-erbenheim.de\/index.php?rest_route=\/wp\/v2\/pages"}],"about":[{"href":"https:\/\/www.paulusgemeinde-erbenheim.de\/index.php?rest_route=\/wp\/v2\/types\/page"}],"author":[{"embeddable":true,"href":"https:\/\/www.paulusgemeinde-erbenheim.de\/index.php?rest_route=\/wp\/v2\/users\/9"}],"replies":[{"embeddable":true,"href":"https:\/\/www.paulusgemeinde-erbenheim.de\/index.php?rest_route=%2Fwp%2Fv2%2Fcomments&post=1096"}],"version-history":[{"count":2,"href":"https:\/\/www.paulusgemeinde-erbenheim.de\/index.php?rest_route=\/wp\/v2\/pages\/1096\/revisions"}],"predecessor-version":[{"id":1975,"href":"https:\/\/www.paulusgemeinde-erbenheim.de\/index.php?rest_route=\/wp\/v2\/pages\/1096\/revisions\/1975"}],"wp:attachment":[{"href":"https:\/\/www.paulusgemeinde-erbenheim.de\/index.php?rest_route=%2Fwp%2Fv2%2Fmedia&parent=1096"}],"curies":[{"name":"wp","href":"https:\/\/api.w.org\/{rel}","templated":true}]}}