{"id":1094,"date":"2021-05-30T15:02:50","date_gmt":"2021-05-30T13:02:50","guid":{"rendered":"https:\/\/www.paulusgemeinde-erbenheim.de\/?page_id=1094"},"modified":"2024-10-31T12:33:07","modified_gmt":"2024-10-31T11:33:07","slug":"erwachsene","status":"publish","type":"page","link":"https:\/\/www.paulusgemeinde-erbenheim.de\/?page_id=1094","title":{"rendered":"Erwachsene"},"content":{"rendered":"\n<p><strong>Der Frauenkreis<\/strong><br>trifft sich immer am letzten Mittwoch eines Monats um 15:00 Uhr im Gemeindehaus.<br>Unter Leitung von Pfarrer Fritz werden biblische Themen behandelt. Lichtbildervortr\u00e4ge von Reisen oder \u00c4hnliches erg\u00e4nzen das Jahresprogramm genauso wie kleinere Ausfl\u00fcge in die Umgebung, bei denen Museen oder Betriebe besucht werden. Besondere Anl\u00e4sse sind Feiern zu Weihnachten, Erntedank und vieles mehr.<\/p>\n\n\n\n<p><strong>Frauenklub<\/strong><br>Seit Juli 1984 besteht der Frauenklub der Paulusgemeinde. Wir treffen uns am 2. Mittwoch eines Monats. Das Programm wird jeweils im Januar eines Jahres gemeinsam zusammengestellt. Wir laden Sie recht herzlich dazu ein.<br>Kontakt \u00fcber das <a href=\"https:\/\/www.paulusgemeinde-erbenheim.de\/?page_id=1108\" data-type=\"page\" data-id=\"1108\">Pfarrb\u00fcro<\/a>.<\/p>\n\n\n\n<p><strong>Gemeindekreis<\/strong><br>Gemeinsamer Austausch \u00fcber Gott, unsere Paulusgemeinde und Aktuelles in Erbenheim ein. Beim gem\u00fctlichen Beisammensitzen oder verschiedenen Aktionen m\u00f6chten wir zu einer lebendigen Gemeinde beitragen. Das Datum des n\u00e4chsten Treffens finden Sie immer unter <a href=\"https:\/\/www.paulusgemeinde-erbenheim.de\/?page_id=995\">Termine<\/a>.<\/p>\n","protected":false},"excerpt":{"rendered":"<p>Der Frauenkreistrifft sich immer am letzten Mittwoch eines Monats um 15:00 Uhr im Gemeindehaus.Unter Leitung von Pfarrer Fritz werden biblische Themen behandelt. Lichtbildervortr\u00e4ge von Reisen oder \u00c4hnliches erg\u00e4nzen das Jahresprogramm genauso wie kleinere Ausfl\u00fcge in die Umgebung, bei denen Museen<\/p>\n","protected":false},"author":9,"featured_media":0,"parent":0,"menu_order":0,"comment_status":"closed","ping_status":"closed","template":"","meta":{"footnotes":""},"class_list":["post-1094","page","type-page","status-publish","hentry"],"_links":{"self":[{"href":"https:\/\/www.paulusgemeinde-erbenheim.de\/index.php?rest_route=\/wp\/v2\/pages\/1094","targetHints":{"allow":["GET"]}}],"collection":[{"href":"https:\/\/www.paulusgemeinde-erbenheim.de\/index.php?rest_route=\/wp\/v2\/pages"}],"about":[{"href":"https:\/\/www.paulusgemeinde-erbenheim.de\/index.php?rest_route=\/wp\/v2\/types\/page"}],"author":[{"embeddable":true,"href":"https:\/\/www.paulusgemeinde-erbenheim.de\/index.php?rest_route=\/wp\/v2\/users\/9"}],"replies":[{"embeddable":true,"href":"https:\/\/www.paulusgemeinde-erbenheim.de\/index.php?rest_route=%2Fwp%2Fv2%2Fcomments&post=1094"}],"version-history":[{"count":11,"href":"https:\/\/www.paulusgemeinde-erbenheim.de\/index.php?rest_route=\/wp\/v2\/pages\/1094\/revisions"}],"predecessor-version":[{"id":1841,"href":"https:\/\/www.paulusgemeinde-erbenheim.de\/index.php?rest_route=\/wp\/v2\/pages\/1094\/revisions\/1841"}],"wp:attachment":[{"href":"https:\/\/www.paulusgemeinde-erbenheim.de\/index.php?rest_route=%2Fwp%2Fv2%2Fmedia&parent=1094"}],"curies":[{"name":"wp","href":"https:\/\/api.w.org\/{rel}","templated":true}]}}