{"id":1053,"date":"2021-05-23T10:09:56","date_gmt":"2021-05-23T08:09:56","guid":{"rendered":"https:\/\/www.paulusgemeinde-erbenheim.de\/?page_id=1053"},"modified":"2021-05-23T10:13:06","modified_gmt":"2021-05-23T08:13:06","slug":"gruppen-und-kreise","status":"publish","type":"page","link":"https:\/\/www.paulusgemeinde-erbenheim.de\/?page_id=1053","title":{"rendered":"Gruppen und Kreise"},"content":{"rendered":"\n<p>Das aktive Gemeindeleben spiegelt sich in zahlreichen Gruppen und Kreisen f\u00fcr alle Altersklassen wieder.<br>F\u00fcr n\u00e4here Informationen klicken Sie auf eine der Untergruppen.<\/p>\n","protected":false},"excerpt":{"rendered":"<p>Das aktive Gemeindeleben spiegelt sich in zahlreichen Gruppen und Kreisen f\u00fcr alle Altersklassen wieder.F\u00fcr n\u00e4here Informationen klicken Sie auf eine der Untergruppen.<\/p>\n","protected":false},"author":9,"featured_media":0,"parent":0,"menu_order":0,"comment_status":"closed","ping_status":"closed","template":"","meta":{"footnotes":""},"class_list":["post-1053","page","type-page","status-publish","hentry"],"_links":{"self":[{"href":"https:\/\/www.paulusgemeinde-erbenheim.de\/index.php?rest_route=\/wp\/v2\/pages\/1053","targetHints":{"allow":["GET"]}}],"collection":[{"href":"https:\/\/www.paulusgemeinde-erbenheim.de\/index.php?rest_route=\/wp\/v2\/pages"}],"about":[{"href":"https:\/\/www.paulusgemeinde-erbenheim.de\/index.php?rest_route=\/wp\/v2\/types\/page"}],"author":[{"embeddable":true,"href":"https:\/\/www.paulusgemeinde-erbenheim.de\/index.php?rest_route=\/wp\/v2\/users\/9"}],"replies":[{"embeddable":true,"href":"https:\/\/www.paulusgemeinde-erbenheim.de\/index.php?rest_route=%2Fwp%2Fv2%2Fcomments&post=1053"}],"version-history":[{"count":2,"href":"https:\/\/www.paulusgemeinde-erbenheim.de\/index.php?rest_route=\/wp\/v2\/pages\/1053\/revisions"}],"predecessor-version":[{"id":1059,"href":"https:\/\/www.paulusgemeinde-erbenheim.de\/index.php?rest_route=\/wp\/v2\/pages\/1053\/revisions\/1059"}],"wp:attachment":[{"href":"https:\/\/www.paulusgemeinde-erbenheim.de\/index.php?rest_route=%2Fwp%2Fv2%2Fmedia&parent=1053"}],"curies":[{"name":"wp","href":"https:\/\/api.w.org\/{rel}","templated":true}]}}